{"id":19503,"date":"2021-11-19T16:10:34","date_gmt":"2021-11-19T21:10:34","guid":{"rendered":"https:\/\/dickiemoore.com\/rent\/cable-de-levage-18-650lbs\/"},"modified":"2021-11-19T16:10:34","modified_gmt":"2021-11-19T21:10:34","slug":"levage-par-cable-18-650lbs","status":"publish","type":"product","link":"https:\/\/dickiemoore.com\/fr\/rent\/levage-par-cable-18-650lbs\/","title":{"rendered":"C\u00e2ble de levage, 18&prime;, 650LBS"},"content":{"rendered":"<p>Ascenseur \u00e0 c\u00e2ble &#8211; 18&prime; &#8211; 650 lbs<\/p>\n","protected":false},"excerpt":{"rendered":"<p>Genie SLC-18<\/p>\n","protected":false},"featured_media":17914,"template":"","meta":{"_coblocks_attr":"","_coblocks_dimensions":"","_coblocks_responsive_height":"","_coblocks_accordion_ie_support":"","_crdt_document":"","jetpack_publicize_message":"","jetpack_publicize_feature_enabled":true,"jetpack_social_post_already_shared":true,"jetpack_social_options":{"image_generator_settings":{"template":"highway","default_image_id":0,"font":"","enabled":false},"version":2},"_wpas_customize_per_network":false},"product_brand":[],"product_cat":[168,169],"product_tag":[675],"class_list":{"0":"post-19503","1":"product","2":"type-product","3":"status-publish","4":"has-post-thumbnail","6":"product_cat-fork-lifts","7":"product_cat-material-lifts","8":"product_tag-material-lifts","10":"first","11":"instock","12":"taxable","13":"shipping-taxable","14":"product-type-simple","15":"berocket_lgv_grid","16":"berocket_lgv_list_grid"},"yoast_head":"<!-- This site is optimized with the Yoast SEO plugin v27.6 - https:\/\/yoast.com\/product\/yoast-seo-wordpress\/ -->\n<title>C\u00e2ble de levage, 18&#039;, 650LBS | Dickie Moore Rentals<\/title>\n<meta name=\"robots\" content=\"index, follow, max-snippet:-1, max-image-preview:large, max-video-preview:-1\" \/>\n<link rel=\"canonical\" href=\"https:\/\/dickiemoore.com\/fr\/rent\/levage-par-cable-18-650lbs\/\" \/>\n<meta property=\"og:locale\" content=\"fr_FR\" \/>\n<meta property=\"og:type\" content=\"article\" \/>\n<meta property=\"og:title\" content=\"C\u00e2ble de levage, 18&#039;, 650LBS | Dickie Moore Rentals\" \/>\n<meta property=\"og:description\" content=\"Genie SLC-18\" \/>\n<meta property=\"og:url\" content=\"https:\/\/dickiemoore.com\/fr\/rent\/levage-par-cable-18-650lbs\/\" \/>\n<meta property=\"og:site_name\" content=\"Dickie Moore Rentals\" \/>\n<meta property=\"article:publisher\" content=\"https:\/\/www.facebook.com\/dickiemooremontreal\" \/>\n<meta property=\"og:image\" content=\"https:\/\/i0.wp.com\/dickiemoore.com\/wp-content\/uploads\/2021\/10\/FRK_MO2830.jpg?fit=551%2C595&ssl=1\" \/>\n\t<meta property=\"og:image:width\" content=\"551\" \/>\n\t<meta property=\"og:image:height\" content=\"595\" \/>\n\t<meta property=\"og:image:type\" content=\"image\/jpeg\" \/>\n<meta name=\"twitter:card\" content=\"summary_large_image\" \/>\n<script type=\"application\/ld+json\" class=\"yoast-schema-graph\">{\"@context\":\"https:\\\/\\\/schema.org\",\"@graph\":[{\"@type\":\"WebPage\",\"@id\":\"https:\\\/\\\/dickiemoore.com\\\/fr\\\/rent\\\/levage-par-cable-18-650lbs\\\/\",\"url\":\"https:\\\/\\\/dickiemoore.com\\\/fr\\\/rent\\\/levage-par-cable-18-650lbs\\\/\",\"name\":\"C\u00e2ble de levage, 18', 650LBS | Dickie Moore Rentals\",\"isPartOf\":{\"@id\":\"https:\\\/\\\/dickiemoore.com\\\/fr\\\/#website\"},\"primaryImageOfPage\":{\"@id\":\"https:\\\/\\\/dickiemoore.com\\\/fr\\\/rent\\\/levage-par-cable-18-650lbs\\\/#primaryimage\"},\"image\":{\"@id\":\"https:\\\/\\\/dickiemoore.com\\\/fr\\\/rent\\\/levage-par-cable-18-650lbs\\\/#primaryimage\"},\"thumbnailUrl\":\"https:\\\/\\\/dickiemoore.com\\\/wp-content\\\/uploads\\\/2021\\\/10\\\/FRK_MO2830.jpg\",\"datePublished\":\"2021-11-19T21:10:34+00:00\",\"breadcrumb\":{\"@id\":\"https:\\\/\\\/dickiemoore.com\\\/fr\\\/rent\\\/levage-par-cable-18-650lbs\\\/#breadcrumb\"},\"inLanguage\":\"fr-FR\",\"potentialAction\":[{\"@type\":\"ReadAction\",\"target\":[\"https:\\\/\\\/dickiemoore.com\\\/fr\\\/rent\\\/levage-par-cable-18-650lbs\\\/\"]}]},{\"@type\":\"ImageObject\",\"inLanguage\":\"fr-FR\",\"@id\":\"https:\\\/\\\/dickiemoore.com\\\/fr\\\/rent\\\/levage-par-cable-18-650lbs\\\/#primaryimage\",\"url\":\"https:\\\/\\\/dickiemoore.com\\\/wp-content\\\/uploads\\\/2021\\\/10\\\/FRK_MO2830.jpg\",\"contentUrl\":\"https:\\\/\\\/dickiemoore.com\\\/wp-content\\\/uploads\\\/2021\\\/10\\\/FRK_MO2830.jpg\",\"width\":551,\"height\":595},{\"@type\":\"BreadcrumbList\",\"@id\":\"https:\\\/\\\/dickiemoore.com\\\/fr\\\/rent\\\/levage-par-cable-18-650lbs\\\/#breadcrumb\",\"itemListElement\":[{\"@type\":\"ListItem\",\"position\":1,\"name\":\"Home\",\"item\":\"https:\\\/\\\/dickiemoore.com\\\/fr\\\/\"},{\"@type\":\"ListItem\",\"position\":2,\"name\":\"Location\",\"item\":\"https:\\\/\\\/dickiemoore.com\\\/fr\\\/location\\\/\"},{\"@type\":\"ListItem\",\"position\":3,\"name\":\"C\u00e2ble de levage, 18&#8242;, 650LBS\"}]},{\"@type\":\"WebSite\",\"@id\":\"https:\\\/\\\/dickiemoore.com\\\/fr\\\/#website\",\"url\":\"https:\\\/\\\/dickiemoore.com\\\/fr\\\/\",\"name\":\"Dickie Moore Rentals\",\"description\":\"https:\\\/\\\/dickiemoore.com\\\/\",\"publisher\":{\"@id\":\"https:\\\/\\\/dickiemoore.com\\\/fr\\\/#organization\"},\"potentialAction\":[{\"@type\":\"SearchAction\",\"target\":{\"@type\":\"EntryPoint\",\"urlTemplate\":\"https:\\\/\\\/dickiemoore.com\\\/fr\\\/?s={search_term_string}\"},\"query-input\":{\"@type\":\"PropertyValueSpecification\",\"valueRequired\":true,\"valueName\":\"search_term_string\"}}],\"inLanguage\":\"fr-FR\"},{\"@type\":\"Organization\",\"@id\":\"https:\\\/\\\/dickiemoore.com\\\/fr\\\/#organization\",\"name\":\"Dickie Moore Rentals\",\"url\":\"https:\\\/\\\/dickiemoore.com\\\/fr\\\/\",\"logo\":{\"@type\":\"ImageObject\",\"inLanguage\":\"fr-FR\",\"@id\":\"https:\\\/\\\/dickiemoore.com\\\/fr\\\/#\\\/schema\\\/logo\\\/image\\\/\",\"url\":\"https:\\\/\\\/dickiemoore.com\\\/wp-content\\\/uploads\\\/2022\\\/06\\\/DM_FR_LOGO.png\",\"contentUrl\":\"https:\\\/\\\/dickiemoore.com\\\/wp-content\\\/uploads\\\/2022\\\/06\\\/DM_FR_LOGO.png\",\"width\":1200,\"height\":690,\"caption\":\"Dickie Moore Rentals\"},\"image\":{\"@id\":\"https:\\\/\\\/dickiemoore.com\\\/fr\\\/#\\\/schema\\\/logo\\\/image\\\/\"},\"sameAs\":[\"https:\\\/\\\/www.facebook.com\\\/dickiemooremontreal\",\"https:\\\/\\\/www.instagram.com\\\/locationdickiemoore\\\/\"]}]}<\/script>\n<!-- \/ Yoast SEO plugin. -->","yoast_head_json":{"title":"C\u00e2ble de levage, 18', 650LBS | Dickie Moore Rentals","robots":{"index":"index","follow":"follow","max-snippet":"max-snippet:-1","max-image-preview":"max-image-preview:large","max-video-preview":"max-video-preview:-1"},"canonical":"https:\/\/dickiemoore.com\/fr\/rent\/levage-par-cable-18-650lbs\/","og_locale":"fr_FR","og_type":"article","og_title":"C\u00e2ble de levage, 18', 650LBS | Dickie Moore Rentals","og_description":"Genie SLC-18","og_url":"https:\/\/dickiemoore.com\/fr\/rent\/levage-par-cable-18-650lbs\/","og_site_name":"Dickie Moore Rentals","article_publisher":"https:\/\/www.facebook.com\/dickiemooremontreal","og_image":[{"width":551,"height":595,"url":"https:\/\/i0.wp.com\/dickiemoore.com\/wp-content\/uploads\/2021\/10\/FRK_MO2830.jpg?fit=551%2C595&ssl=1","type":"image\/jpeg"}],"twitter_card":"summary_large_image","schema":{"@context":"https:\/\/schema.org","@graph":[{"@type":"WebPage","@id":"https:\/\/dickiemoore.com\/fr\/rent\/levage-par-cable-18-650lbs\/","url":"https:\/\/dickiemoore.com\/fr\/rent\/levage-par-cable-18-650lbs\/","name":"C\u00e2ble de levage, 18', 650LBS | Dickie Moore Rentals","isPartOf":{"@id":"https:\/\/dickiemoore.com\/fr\/#website"},"primaryImageOfPage":{"@id":"https:\/\/dickiemoore.com\/fr\/rent\/levage-par-cable-18-650lbs\/#primaryimage"},"image":{"@id":"https:\/\/dickiemoore.com\/fr\/rent\/levage-par-cable-18-650lbs\/#primaryimage"},"thumbnailUrl":"https:\/\/dickiemoore.com\/wp-content\/uploads\/2021\/10\/FRK_MO2830.jpg","datePublished":"2021-11-19T21:10:34+00:00","breadcrumb":{"@id":"https:\/\/dickiemoore.com\/fr\/rent\/levage-par-cable-18-650lbs\/#breadcrumb"},"inLanguage":"fr-FR","potentialAction":[{"@type":"ReadAction","target":["https:\/\/dickiemoore.com\/fr\/rent\/levage-par-cable-18-650lbs\/"]}]},{"@type":"ImageObject","inLanguage":"fr-FR","@id":"https:\/\/dickiemoore.com\/fr\/rent\/levage-par-cable-18-650lbs\/#primaryimage","url":"https:\/\/dickiemoore.com\/wp-content\/uploads\/2021\/10\/FRK_MO2830.jpg","contentUrl":"https:\/\/dickiemoore.com\/wp-content\/uploads\/2021\/10\/FRK_MO2830.jpg","width":551,"height":595},{"@type":"BreadcrumbList","@id":"https:\/\/dickiemoore.com\/fr\/rent\/levage-par-cable-18-650lbs\/#breadcrumb","itemListElement":[{"@type":"ListItem","position":1,"name":"Home","item":"https:\/\/dickiemoore.com\/fr\/"},{"@type":"ListItem","position":2,"name":"Location","item":"https:\/\/dickiemoore.com\/fr\/location\/"},{"@type":"ListItem","position":3,"name":"C\u00e2ble de levage, 18&#8242;, 650LBS"}]},{"@type":"WebSite","@id":"https:\/\/dickiemoore.com\/fr\/#website","url":"https:\/\/dickiemoore.com\/fr\/","name":"Dickie Moore Rentals","description":"https:\/\/dickiemoore.com\/","publisher":{"@id":"https:\/\/dickiemoore.com\/fr\/#organization"},"potentialAction":[{"@type":"SearchAction","target":{"@type":"EntryPoint","urlTemplate":"https:\/\/dickiemoore.com\/fr\/?s={search_term_string}"},"query-input":{"@type":"PropertyValueSpecification","valueRequired":true,"valueName":"search_term_string"}}],"inLanguage":"fr-FR"},{"@type":"Organization","@id":"https:\/\/dickiemoore.com\/fr\/#organization","name":"Dickie Moore Rentals","url":"https:\/\/dickiemoore.com\/fr\/","logo":{"@type":"ImageObject","inLanguage":"fr-FR","@id":"https:\/\/dickiemoore.com\/fr\/#\/schema\/logo\/image\/","url":"https:\/\/dickiemoore.com\/wp-content\/uploads\/2022\/06\/DM_FR_LOGO.png","contentUrl":"https:\/\/dickiemoore.com\/wp-content\/uploads\/2022\/06\/DM_FR_LOGO.png","width":1200,"height":690,"caption":"Dickie Moore Rentals"},"image":{"@id":"https:\/\/dickiemoore.com\/fr\/#\/schema\/logo\/image\/"},"sameAs":["https:\/\/www.facebook.com\/dickiemooremontreal","https:\/\/www.instagram.com\/locationdickiemoore\/"]}]}},"jetpack_publicize_connections":[],"jetpack_likes_enabled":false,"jetpack_sharing_enabled":true,"_links":{"self":[{"href":"https:\/\/dickiemoore.com\/fr\/wp-json\/wp\/v2\/product\/19503","targetHints":{"allow":["GET"]}}],"collection":[{"href":"https:\/\/dickiemoore.com\/fr\/wp-json\/wp\/v2\/product"}],"about":[{"href":"https:\/\/dickiemoore.com\/fr\/wp-json\/wp\/v2\/types\/product"}],"wp:featuredmedia":[{"embeddable":true,"href":"https:\/\/dickiemoore.com\/fr\/wp-json\/wp\/v2\/media\/17914"}],"wp:attachment":[{"href":"https:\/\/dickiemoore.com\/fr\/wp-json\/wp\/v2\/media?parent=19503"}],"wp:term":[{"taxonomy":"product_brand","embeddable":true,"href":"https:\/\/dickiemoore.com\/fr\/wp-json\/wp\/v2\/product_brand?post=19503"},{"taxonomy":"product_cat","embeddable":true,"href":"https:\/\/dickiemoore.com\/fr\/wp-json\/wp\/v2\/product_cat?post=19503"},{"taxonomy":"product_tag","embeddable":true,"href":"https:\/\/dickiemoore.com\/fr\/wp-json\/wp\/v2\/product_tag?post=19503"}],"curies":[{"name":"wp","href":"https:\/\/api.w.org\/{rel}","templated":true}]}}