{"id":18920,"date":"2022-01-07T11:09:26","date_gmt":"2022-01-07T16:09:26","guid":{"rendered":"https:\/\/dickiemoore.com\/bloc-sanitaire\/"},"modified":"2022-08-04T10:11:11","modified_gmt":"2022-08-04T14:11:11","slug":"bloc-sanitaire","status":"publish","type":"page","link":"https:\/\/dickiemoore.com\/fr\/bloc-sanitaire\/","title":{"rendered":"Bloc sanitaire"},"content":{"rendered":"\n<div class=\"wp-block-jetpack-layout-grid alignfull column1-desktop-grid__span-8 column1-desktop-grid__start-3 column1-desktop-grid__row-1 column1-tablet-grid__span-8 column1-tablet-grid__row-1 column1-mobile-grid__span-4 column1-mobile-grid__row-1\">\n<div class=\"wp-block-jetpack-layout-grid-column wp-block-jetpack-layout-grid__padding-none\">\n<div class=\"wp-block-media-text has-media-on-the-right is-stacked-on-mobile\" style=\"grid-template-columns:auto 40%\"><figure class=\"wp-block-media-text__media\"><img loading=\"lazy\" decoding=\"async\" width=\"1024\" height=\"1024\" data-attachment-id=\"18804\" data-permalink=\"https:\/\/dickiemoore.com\/fr\/?attachment_id=18804\" data-orig-file=\"https:\/\/dickiemoore.com\/wp-content\/uploads\/2022\/01\/10x20_3D_SQUARE-1.jpg\" data-orig-size=\"3200,3200\" data-comments-opened=\"1\" data-image-meta=\"{&quot;aperture&quot;:&quot;0&quot;,&quot;credit&quot;:&quot;&quot;,&quot;camera&quot;:&quot;&quot;,&quot;caption&quot;:&quot;&quot;,&quot;created_timestamp&quot;:&quot;0&quot;,&quot;copyright&quot;:&quot;&quot;,&quot;focal_length&quot;:&quot;0&quot;,&quot;iso&quot;:&quot;0&quot;,&quot;shutter_speed&quot;:&quot;0&quot;,&quot;title&quot;:&quot;&quot;,&quot;orientation&quot;:&quot;1&quot;}\" data-image-title=\"10x20_3D_SQUARE\" data-image-description=\"\" data-image-caption=\"\" data-large-file=\"https:\/\/dickiemoore.com\/wp-content\/uploads\/2022\/01\/10x20_3D_SQUARE-1-1024x1024.jpg\" src=\"https:\/\/dickiemoore.com\/wp-content\/uploads\/2022\/01\/10x20_3D_SQUARE-1-1024x1024.jpg\" alt=\"\" class=\"wp-image-18804 size-full\" srcset=\"https:\/\/dickiemoore.com\/wp-content\/uploads\/2022\/01\/10x20_3D_SQUARE-1-1024x1024.jpg 1024w, https:\/\/dickiemoore.com\/wp-content\/uploads\/2022\/01\/10x20_3D_SQUARE-1-300x300.jpg 300w, https:\/\/dickiemoore.com\/wp-content\/uploads\/2022\/01\/10x20_3D_SQUARE-1-150x150.jpg?crop=1 150w, https:\/\/dickiemoore.com\/wp-content\/uploads\/2022\/01\/10x20_3D_SQUARE-1-768x768.jpg 768w, https:\/\/dickiemoore.com\/wp-content\/uploads\/2022\/01\/10x20_3D_SQUARE-1-1536x1536.jpg 1536w, https:\/\/dickiemoore.com\/wp-content\/uploads\/2022\/01\/10x20_3D_SQUARE-1-2048x2048.jpg 2048w, https:\/\/dickiemoore.com\/wp-content\/uploads\/2022\/01\/10x20_3D_SQUARE-1-1200x1200.jpg?crop=1 1200w, https:\/\/dickiemoore.com\/wp-content\/uploads\/2022\/01\/10x20_3D_SQUARE-1-800x800.jpg?crop=1 800w, https:\/\/dickiemoore.com\/wp-content\/uploads\/2022\/01\/10x20_3D_SQUARE-1-400x400.jpg?crop=1 400w, https:\/\/dickiemoore.com\/wp-content\/uploads\/2022\/01\/10x20_3D_SQUARE-1-200x200.jpg?crop=1 200w, https:\/\/dickiemoore.com\/wp-content\/uploads\/2022\/01\/10x20_3D_SQUARE-1-324x324.jpg?crop=1 324w, https:\/\/dickiemoore.com\/wp-content\/uploads\/2022\/01\/10x20_3D_SQUARE-1-416x416.jpg 416w, https:\/\/dickiemoore.com\/wp-content\/uploads\/2022\/01\/10x20_3D_SQUARE-1-100x100.jpg?crop=1 100w, https:\/\/dickiemoore.com\/wp-content\/uploads\/2022\/01\/10x20_3D_SQUARE-1-64x64.jpg 64w\" sizes=\"auto, (max-width: 1024px) 100vw, 1024px\" \/><\/figure><div class=\"wp-block-media-text__content\">\n<h2 class=\"wp-block-heading\" id=\"wash-car\"><strong>Bloc sanitaire<\/strong><\/h2>\n\n\n\n<p class=\"wp-block-paragraph\">Les blocs sanitaire sont des roulottes \u00e9quip\u00e9es de toilettes, d&rsquo;urinoirs, de lavabos et de douches facultatives (selon les options choisies). Elles peuvent \u00eatre autonomes, avec les r\u00e9servoirs d&rsquo;eau et d&rsquo;eaux us\u00e9es int\u00e9gr\u00e9s dans la remorque, ou standard, qui doivent \u00eatre raccord\u00e9es aux r\u00e9seaux d&rsquo;eau et d&rsquo;\u00e9gouts de la ville. Ils sont principalement utilis\u00e9s pour les chantiers de construction ou les \u00e9v\u00e9nements.<\/p>\n\n\n\n<p class=\"wp-block-paragraph\">D&rsquo;autres tailles sont disponibles sur demande. Contactez-nous par courriel \u00e0 info@dickimore.com pour plus d&rsquo;informations.<\/p>\n<\/div><\/div>\n<\/div>\n<\/div>\n<div data-block-name=\"woocommerce\/product-category\" data-categories=\"[1243]\" data-columns=\"1\" data-content-visibility=\"{&quot;title&quot;:true,&quot;price&quot;:false,&quot;rating&quot;:false,&quot;button&quot;:false}\" data-orderby=\"menu_order\" data-rows=\"1\" class=\"wc-block-grid wp-block-product-category wp-block-woocommerce-product-category wc-block-product-category has-1-columns\"><ul class=\"wc-block-grid__products\"><li class=\"wc-block-grid__product\">\n\t\t\t\t<a href=\"https:\/\/dickiemoore.com\/fr\/rent\/10x20-wash-car\/\" class=\"wc-block-grid__product-link\">\n\t\t\t\t\t\n\t\t\t\t\t<div class=\"wc-block-grid__product-image\"><img loading=\"lazy\" decoding=\"async\" width=\"324\" height=\"324\" src=\"https:\/\/dickiemoore.com\/wp-content\/uploads\/2022\/01\/10x20_3D_SQUARE-1-324x324.jpg?crop=1\" class=\"attachment-woocommerce_thumbnail size-woocommerce_thumbnail\" alt=\"10x20, Bloc sanitaire\" srcset=\"https:\/\/dickiemoore.com\/wp-content\/uploads\/2022\/01\/10x20_3D_SQUARE-1-324x324.jpg?crop=1 324w, https:\/\/dickiemoore.com\/wp-content\/uploads\/2022\/01\/10x20_3D_SQUARE-1-300x300.jpg 300w, https:\/\/dickiemoore.com\/wp-content\/uploads\/2022\/01\/10x20_3D_SQUARE-1-1024x1024.jpg 1024w, https:\/\/dickiemoore.com\/wp-content\/uploads\/2022\/01\/10x20_3D_SQUARE-1-150x150.jpg?crop=1 150w, https:\/\/dickiemoore.com\/wp-content\/uploads\/2022\/01\/10x20_3D_SQUARE-1-768x768.jpg 768w, https:\/\/dickiemoore.com\/wp-content\/uploads\/2022\/01\/10x20_3D_SQUARE-1-1536x1536.jpg 1536w, https:\/\/dickiemoore.com\/wp-content\/uploads\/2022\/01\/10x20_3D_SQUARE-1-2048x2048.jpg 2048w, https:\/\/dickiemoore.com\/wp-content\/uploads\/2022\/01\/10x20_3D_SQUARE-1-1200x1200.jpg?crop=1 1200w, https:\/\/dickiemoore.com\/wp-content\/uploads\/2022\/01\/10x20_3D_SQUARE-1-800x800.jpg?crop=1 800w, https:\/\/dickiemoore.com\/wp-content\/uploads\/2022\/01\/10x20_3D_SQUARE-1-400x400.jpg?crop=1 400w, https:\/\/dickiemoore.com\/wp-content\/uploads\/2022\/01\/10x20_3D_SQUARE-1-200x200.jpg?crop=1 200w, https:\/\/dickiemoore.com\/wp-content\/uploads\/2022\/01\/10x20_3D_SQUARE-1-416x416.jpg 416w, https:\/\/dickiemoore.com\/wp-content\/uploads\/2022\/01\/10x20_3D_SQUARE-1-100x100.jpg?crop=1 100w, https:\/\/dickiemoore.com\/wp-content\/uploads\/2022\/01\/10x20_3D_SQUARE-1-64x64.jpg 64w\" sizes=\"auto, (max-width: 324px) 100vw, 324px\" data-attachment-id=\"18804\" data-permalink=\"https:\/\/dickiemoore.com\/fr\/?attachment_id=18804\" data-orig-file=\"https:\/\/dickiemoore.com\/wp-content\/uploads\/2022\/01\/10x20_3D_SQUARE-1.jpg\" data-orig-size=\"3200,3200\" data-comments-opened=\"1\" data-image-meta=\"{&quot;aperture&quot;:&quot;0&quot;,&quot;credit&quot;:&quot;&quot;,&quot;camera&quot;:&quot;&quot;,&quot;caption&quot;:&quot;&quot;,&quot;created_timestamp&quot;:&quot;0&quot;,&quot;copyright&quot;:&quot;&quot;,&quot;focal_length&quot;:&quot;0&quot;,&quot;iso&quot;:&quot;0&quot;,&quot;shutter_speed&quot;:&quot;0&quot;,&quot;title&quot;:&quot;&quot;,&quot;orientation&quot;:&quot;1&quot;}\" data-image-title=\"10x20_3D_SQUARE\" data-image-description=\"\" data-image-caption=\"\" data-large-file=\"https:\/\/dickiemoore.com\/wp-content\/uploads\/2022\/01\/10x20_3D_SQUARE-1-1024x1024.jpg\" \/><\/div>\n\t\t\t\t\t<div class=\"wc-block-grid__product-title\">10&#215;20, Bloc sanitaire<\/div>\n\t\t\t\t<\/a>\n\t\t\t\t\n\t\t\t\t\n\t\t\t\t\n\t\t\t<\/li><\/ul><\/div>\n<hr class=\"wp-block-coblocks-dynamic-separator\" style=\"height:140px\">\n\n<div class=\"wp-block-jetpack-tiled-gallery aligncenter is-style-columns\"><div class=\"tiled-gallery__gallery\"><div class=\"tiled-gallery__row\"><div class=\"tiled-gallery__col\" style=\"flex-basis:10.61885%\"><figure class=\"tiled-gallery__item\"><img decoding=\"async\" role=\"button\" tabindex=\"0\" aria-label=\"Ouvrir l\u2019image 1 sur 5 en plein \u00e9cran\"srcset=\"https:\/\/i1.wp.com\/dickiemoore656743188.wpcomstaging.com\/wp-content\/uploads\/2022\/01\/IMG_3305-1024x768.jpg?strip=info&#038;w=600&#038;ssl=1 600w,https:\/\/i1.wp.com\/dickiemoore656743188.wpcomstaging.com\/wp-content\/uploads\/2022\/01\/IMG_3305-1024x768.jpg?strip=info&#038;w=900&#038;ssl=1 900w,https:\/\/i1.wp.com\/dickiemoore656743188.wpcomstaging.com\/wp-content\/uploads\/2022\/01\/IMG_3305-1024x768.jpg?strip=info&#038;w=1200&#038;ssl=1 1200w,https:\/\/i1.wp.com\/dickiemoore656743188.wpcomstaging.com\/wp-content\/uploads\/2022\/01\/IMG_3305-1024x768.jpg?strip=info&#038;w=1500&#038;ssl=1 1500w,https:\/\/i1.wp.com\/dickiemoore656743188.wpcomstaging.com\/wp-content\/uploads\/2022\/01\/IMG_3305-1024x768.jpg?strip=info&#038;w=1800&#038;ssl=1 1800w,https:\/\/i1.wp.com\/dickiemoore656743188.wpcomstaging.com\/wp-content\/uploads\/2022\/01\/IMG_3305-1024x768.jpg?strip=info&#038;w=2000&#038;ssl=1 2000w\" alt=\"\" data-height=\"1728\" data-id=\"15266\" data-link=\"https:\/\/dickiemoore.com\/trailers\/wash-cars\/img_3305\/\" data-url=\"https:\/\/dickiemoore.com\/wp-content\/uploads\/2022\/01\/IMG_3305-1024x768.jpg\" data-width=\"2304\" src=\"https:\/\/i1.wp.com\/dickiemoore656743188.wpcomstaging.com\/wp-content\/uploads\/2022\/01\/IMG_3305-1024x768.jpg?ssl=1\" data-amp-layout=\"responsive\"><\/figure><figure class=\"tiled-gallery__item\"><img decoding=\"async\" role=\"button\" tabindex=\"0\" aria-label=\"Ouvrir l\u2019image 2 sur 5 en plein \u00e9cran\"srcset=\"https:\/\/i2.wp.com\/dickiemoore656743188.wpcomstaging.com\/wp-content\/uploads\/2022\/01\/IMG_5936-768x1024.jpg?strip=info&#038;w=600&#038;ssl=1 600w,https:\/\/i2.wp.com\/dickiemoore656743188.wpcomstaging.com\/wp-content\/uploads\/2022\/01\/IMG_5936-768x1024.jpg?strip=info&#038;w=900&#038;ssl=1 900w,https:\/\/i2.wp.com\/dickiemoore656743188.wpcomstaging.com\/wp-content\/uploads\/2022\/01\/IMG_5936-768x1024.jpg?strip=info&#038;w=1200&#038;ssl=1 1200w,https:\/\/i2.wp.com\/dickiemoore656743188.wpcomstaging.com\/wp-content\/uploads\/2022\/01\/IMG_5936-768x1024.jpg?strip=info&#038;w=1500&#038;ssl=1 1500w,https:\/\/i2.wp.com\/dickiemoore656743188.wpcomstaging.com\/wp-content\/uploads\/2022\/01\/IMG_5936-768x1024.jpg?strip=info&#038;w=1800&#038;ssl=1 1800w,https:\/\/i2.wp.com\/dickiemoore656743188.wpcomstaging.com\/wp-content\/uploads\/2022\/01\/IMG_5936-768x1024.jpg?strip=info&#038;w=2000&#038;ssl=1 2000w\" alt=\"\" data-height=\"4608\" data-id=\"15265\" data-link=\"https:\/\/dickiemoore.com\/trailers\/wash-cars\/img_5936\/\" data-url=\"https:\/\/dickiemoore.com\/wp-content\/uploads\/2022\/01\/IMG_5936-768x1024.jpg\" data-width=\"3456\" src=\"https:\/\/i2.wp.com\/dickiemoore656743188.wpcomstaging.com\/wp-content\/uploads\/2022\/01\/IMG_5936-768x1024.jpg?ssl=1\" data-amp-layout=\"responsive\"><\/figure><\/div><div class=\"tiled-gallery__col\" style=\"flex-basis:29.79372%\"><figure class=\"tiled-gallery__item\"><img decoding=\"async\" role=\"button\" tabindex=\"0\" aria-label=\"Ouvrir l\u2019image 3 sur 5 en plein \u00e9cran\"srcset=\"https:\/\/i1.wp.com\/dickiemoore656743188.wpcomstaging.com\/wp-content\/uploads\/2022\/01\/IMG_3304-1024x768.jpg?strip=info&#038;w=600&#038;ssl=1 600w,https:\/\/i1.wp.com\/dickiemoore656743188.wpcomstaging.com\/wp-content\/uploads\/2022\/01\/IMG_3304-1024x768.jpg?strip=info&#038;w=900&#038;ssl=1 900w,https:\/\/i1.wp.com\/dickiemoore656743188.wpcomstaging.com\/wp-content\/uploads\/2022\/01\/IMG_3304-1024x768.jpg?strip=info&#038;w=1200&#038;ssl=1 1200w,https:\/\/i1.wp.com\/dickiemoore656743188.wpcomstaging.com\/wp-content\/uploads\/2022\/01\/IMG_3304-1024x768.jpg?strip=info&#038;w=1500&#038;ssl=1 1500w,https:\/\/i1.wp.com\/dickiemoore656743188.wpcomstaging.com\/wp-content\/uploads\/2022\/01\/IMG_3304-1024x768.jpg?strip=info&#038;w=1800&#038;ssl=1 1800w,https:\/\/i1.wp.com\/dickiemoore656743188.wpcomstaging.com\/wp-content\/uploads\/2022\/01\/IMG_3304-1024x768.jpg?strip=info&#038;w=2000&#038;ssl=1 2000w\" alt=\"\" data-height=\"1728\" data-id=\"15267\" data-link=\"https:\/\/dickiemoore.com\/trailers\/wash-cars\/img_3304\/\" data-url=\"https:\/\/dickiemoore.com\/wp-content\/uploads\/2022\/01\/IMG_3304-1024x768.jpg\" data-width=\"2304\" src=\"https:\/\/i1.wp.com\/dickiemoore656743188.wpcomstaging.com\/wp-content\/uploads\/2022\/01\/IMG_3304-1024x768.jpg?ssl=1\" data-amp-layout=\"responsive\"><\/figure><\/div><div class=\"tiled-gallery__col\" style=\"flex-basis:29.79372%\"><figure class=\"tiled-gallery__item\"><img decoding=\"async\" role=\"button\" tabindex=\"0\" aria-label=\"Ouvrir l\u2019image 4 sur 5 en plein \u00e9cran\"srcset=\"https:\/\/i2.wp.com\/dickiemoore656743188.wpcomstaging.com\/wp-content\/uploads\/2022\/01\/IMG_5933-1024x768.jpg?strip=info&#038;w=600&#038;ssl=1 600w,https:\/\/i2.wp.com\/dickiemoore656743188.wpcomstaging.com\/wp-content\/uploads\/2022\/01\/IMG_5933-1024x768.jpg?strip=info&#038;w=900&#038;ssl=1 900w,https:\/\/i2.wp.com\/dickiemoore656743188.wpcomstaging.com\/wp-content\/uploads\/2022\/01\/IMG_5933-1024x768.jpg?strip=info&#038;w=1200&#038;ssl=1 1200w,https:\/\/i2.wp.com\/dickiemoore656743188.wpcomstaging.com\/wp-content\/uploads\/2022\/01\/IMG_5933-1024x768.jpg?strip=info&#038;w=1500&#038;ssl=1 1500w,https:\/\/i2.wp.com\/dickiemoore656743188.wpcomstaging.com\/wp-content\/uploads\/2022\/01\/IMG_5933-1024x768.jpg?strip=info&#038;w=1800&#038;ssl=1 1800w,https:\/\/i2.wp.com\/dickiemoore656743188.wpcomstaging.com\/wp-content\/uploads\/2022\/01\/IMG_5933-1024x768.jpg?strip=info&#038;w=2000&#038;ssl=1 2000w\" alt=\"\" data-height=\"3456\" data-id=\"15264\" data-link=\"https:\/\/dickiemoore.com\/trailers\/wash-cars\/img_5933\/\" data-url=\"https:\/\/dickiemoore.com\/wp-content\/uploads\/2022\/01\/IMG_5933-1024x768.jpg\" data-width=\"4608\" src=\"https:\/\/i2.wp.com\/dickiemoore656743188.wpcomstaging.com\/wp-content\/uploads\/2022\/01\/IMG_5933-1024x768.jpg?ssl=1\" data-amp-layout=\"responsive\"><\/figure><\/div><div class=\"tiled-gallery__col\" style=\"flex-basis:29.79372%\"><figure class=\"tiled-gallery__item\"><img decoding=\"async\" role=\"button\" tabindex=\"0\" aria-label=\"Ouvrir l\u2019image 5 sur 5 en plein \u00e9cran\"srcset=\"https:\/\/i1.wp.com\/dickiemoore656743188.wpcomstaging.com\/wp-content\/uploads\/2022\/01\/DSC01103.jpg?strip=info&#038;w=600&#038;ssl=1 600w,https:\/\/i1.wp.com\/dickiemoore656743188.wpcomstaging.com\/wp-content\/uploads\/2022\/01\/DSC01103.jpg?strip=info&#038;w=900&#038;ssl=1 900w,https:\/\/i1.wp.com\/dickiemoore656743188.wpcomstaging.com\/wp-content\/uploads\/2022\/01\/DSC01103.jpg?strip=info&#038;w=1024&#038;ssl=1 1024w\" alt=\"\" data-height=\"768\" data-id=\"15268\" data-link=\"https:\/\/dickiemoore.com\/trailers\/wash-cars\/dsc01103\/\" data-url=\"https:\/\/dickiemoore.com\/wp-content\/uploads\/2022\/01\/DSC01103.jpg\" data-width=\"1024\" src=\"https:\/\/i1.wp.com\/dickiemoore656743188.wpcomstaging.com\/wp-content\/uploads\/2022\/01\/DSC01103.jpg?ssl=1\" data-amp-layout=\"responsive\"><\/figure><\/div><\/div><\/div><\/div>\n","protected":false},"excerpt":{"rendered":"<p>Bloc sanitaire Les blocs sanitaire sont des roulottes \u00e9quip\u00e9es de toilettes, d&rsquo;urinoirs, de lavabos et de douches facultatives (selon les options choisies). Elles peuvent \u00eatre autonomes, avec les r\u00e9servoirs d&rsquo;eau et d&rsquo;eaux us\u00e9es int\u00e9gr\u00e9s dans la remorque, ou standard, qui doivent \u00eatre raccord\u00e9es aux r\u00e9seaux d&rsquo;eau et d&rsquo;\u00e9gouts de la ville. Ils sont principalement utilis\u00e9s [&hellip;]<\/p>\n","protected":false},"author":212013339,"featured_media":0,"parent":0,"menu_order":2,"comment_status":"closed","ping_status":"closed","template":"template-fullwidth.php","meta":{"_coblocks_attr":"","_coblocks_dimensions":"","_coblocks_responsive_height":"","_coblocks_accordion_ie_support":"","_crdt_document":"","footnotes":""},"class_list":["post-18920","page","type-page","status-publish","hentry"],"featured_image_src":null,"yoast_head":"<!-- This site is optimized with the Yoast SEO plugin v27.3 - https:\/\/yoast.com\/product\/yoast-seo-wordpress\/ -->\n<title>Bloc sanitaire | Dickie Moore Rentals<\/title>\n<meta name=\"robots\" content=\"index, follow, max-snippet:-1, max-image-preview:large, max-video-preview:-1\" \/>\n<link rel=\"canonical\" href=\"https:\/\/dickiemoore.com\/fr\/bloc-sanitaire\/\" \/>\n<meta property=\"og:locale\" content=\"fr_FR\" \/>\n<meta property=\"og:type\" content=\"article\" \/>\n<meta property=\"og:title\" content=\"Bloc sanitaire | Dickie Moore Rentals\" \/>\n<meta property=\"og:description\" content=\"Bloc sanitaire Les blocs sanitaire sont des roulottes \u00e9quip\u00e9es de toilettes, d&rsquo;urinoirs, de lavabos et de douches facultatives (selon les options choisies). Elles peuvent \u00eatre autonomes, avec les r\u00e9servoirs d&rsquo;eau et d&rsquo;eaux us\u00e9es int\u00e9gr\u00e9s dans la remorque, ou standard, qui doivent \u00eatre raccord\u00e9es aux r\u00e9seaux d&rsquo;eau et d&rsquo;\u00e9gouts de la ville. Ils sont principalement utilis\u00e9s [&hellip;]\" \/>\n<meta property=\"og:url\" content=\"https:\/\/dickiemoore.com\/fr\/bloc-sanitaire\/\" \/>\n<meta property=\"og:site_name\" content=\"Dickie Moore Rentals\" \/>\n<meta property=\"article:publisher\" content=\"https:\/\/www.facebook.com\/dickiemooremontreal\" \/>\n<meta property=\"article:modified_time\" content=\"2022-08-04T14:11:11+00:00\" \/>\n<meta property=\"og:image\" content=\"https:\/\/dickiemoore.com\/wp-content\/uploads\/2022\/01\/10x20_3D_SQUARE-1-1024x1024.jpg\" \/>\n<meta name=\"twitter:card\" content=\"summary_large_image\" \/>\n<script type=\"application\/ld+json\" class=\"yoast-schema-graph\">{\"@context\":\"https:\\\/\\\/schema.org\",\"@graph\":[{\"@type\":\"WebPage\",\"@id\":\"https:\\\/\\\/dickiemoore.com\\\/fr\\\/bloc-sanitaire\\\/\",\"url\":\"https:\\\/\\\/dickiemoore.com\\\/fr\\\/bloc-sanitaire\\\/\",\"name\":\"Bloc sanitaire | Dickie Moore Rentals\",\"isPartOf\":{\"@id\":\"https:\\\/\\\/dickiemoore.com\\\/fr\\\/#website\"},\"primaryImageOfPage\":{\"@id\":\"https:\\\/\\\/dickiemoore.com\\\/fr\\\/bloc-sanitaire\\\/#primaryimage\"},\"image\":{\"@id\":\"https:\\\/\\\/dickiemoore.com\\\/fr\\\/bloc-sanitaire\\\/#primaryimage\"},\"thumbnailUrl\":\"https:\\\/\\\/dickiemoore.com\\\/wp-content\\\/uploads\\\/2022\\\/01\\\/10x20_3D_SQUARE-1-1024x1024.jpg\",\"datePublished\":\"2022-01-07T16:09:26+00:00\",\"dateModified\":\"2022-08-04T14:11:11+00:00\",\"breadcrumb\":{\"@id\":\"https:\\\/\\\/dickiemoore.com\\\/fr\\\/bloc-sanitaire\\\/#breadcrumb\"},\"inLanguage\":\"fr-FR\",\"potentialAction\":[{\"@type\":\"ReadAction\",\"target\":[\"https:\\\/\\\/dickiemoore.com\\\/fr\\\/bloc-sanitaire\\\/\"]}]},{\"@type\":\"ImageObject\",\"inLanguage\":\"fr-FR\",\"@id\":\"https:\\\/\\\/dickiemoore.com\\\/fr\\\/bloc-sanitaire\\\/#primaryimage\",\"url\":\"https:\\\/\\\/dickiemoore.com\\\/wp-content\\\/uploads\\\/2022\\\/01\\\/10x20_3D_SQUARE-1-1024x1024.jpg\",\"contentUrl\":\"https:\\\/\\\/dickiemoore.com\\\/wp-content\\\/uploads\\\/2022\\\/01\\\/10x20_3D_SQUARE-1-1024x1024.jpg\"},{\"@type\":\"BreadcrumbList\",\"@id\":\"https:\\\/\\\/dickiemoore.com\\\/fr\\\/bloc-sanitaire\\\/#breadcrumb\",\"itemListElement\":[{\"@type\":\"ListItem\",\"position\":1,\"name\":\"Home\",\"item\":\"https:\\\/\\\/dickiemoore.com\\\/fr\\\/\"},{\"@type\":\"ListItem\",\"position\":2,\"name\":\"Bloc sanitaire\"}]},{\"@type\":\"WebSite\",\"@id\":\"https:\\\/\\\/dickiemoore.com\\\/fr\\\/#website\",\"url\":\"https:\\\/\\\/dickiemoore.com\\\/fr\\\/\",\"name\":\"Dickie Moore Rentals\",\"description\":\"https:\\\/\\\/dickiemoore.com\\\/\",\"publisher\":{\"@id\":\"https:\\\/\\\/dickiemoore.com\\\/fr\\\/#organization\"},\"potentialAction\":[{\"@type\":\"SearchAction\",\"target\":{\"@type\":\"EntryPoint\",\"urlTemplate\":\"https:\\\/\\\/dickiemoore.com\\\/fr\\\/?s={search_term_string}\"},\"query-input\":{\"@type\":\"PropertyValueSpecification\",\"valueRequired\":true,\"valueName\":\"search_term_string\"}}],\"inLanguage\":\"fr-FR\"},{\"@type\":\"Organization\",\"@id\":\"https:\\\/\\\/dickiemoore.com\\\/fr\\\/#organization\",\"name\":\"Dickie Moore Rentals\",\"url\":\"https:\\\/\\\/dickiemoore.com\\\/fr\\\/\",\"logo\":{\"@type\":\"ImageObject\",\"inLanguage\":\"fr-FR\",\"@id\":\"https:\\\/\\\/dickiemoore.com\\\/fr\\\/#\\\/schema\\\/logo\\\/image\\\/\",\"url\":\"https:\\\/\\\/dickiemoore.com\\\/wp-content\\\/uploads\\\/2022\\\/06\\\/DM_FR_LOGO.png\",\"contentUrl\":\"https:\\\/\\\/dickiemoore.com\\\/wp-content\\\/uploads\\\/2022\\\/06\\\/DM_FR_LOGO.png\",\"width\":1200,\"height\":690,\"caption\":\"Dickie Moore Rentals\"},\"image\":{\"@id\":\"https:\\\/\\\/dickiemoore.com\\\/fr\\\/#\\\/schema\\\/logo\\\/image\\\/\"},\"sameAs\":[\"https:\\\/\\\/www.facebook.com\\\/dickiemooremontreal\",\"https:\\\/\\\/www.instagram.com\\\/locationdickiemoore\\\/\"]}]}<\/script>\n<!-- \/ Yoast SEO plugin. -->","yoast_head_json":{"title":"Bloc sanitaire | Dickie Moore Rentals","robots":{"index":"index","follow":"follow","max-snippet":"max-snippet:-1","max-image-preview":"max-image-preview:large","max-video-preview":"max-video-preview:-1"},"canonical":"https:\/\/dickiemoore.com\/fr\/bloc-sanitaire\/","og_locale":"fr_FR","og_type":"article","og_title":"Bloc sanitaire | Dickie Moore Rentals","og_description":"Bloc sanitaire Les blocs sanitaire sont des roulottes \u00e9quip\u00e9es de toilettes, d&rsquo;urinoirs, de lavabos et de douches facultatives (selon les options choisies). Elles peuvent \u00eatre autonomes, avec les r\u00e9servoirs d&rsquo;eau et d&rsquo;eaux us\u00e9es int\u00e9gr\u00e9s dans la remorque, ou standard, qui doivent \u00eatre raccord\u00e9es aux r\u00e9seaux d&rsquo;eau et d&rsquo;\u00e9gouts de la ville. Ils sont principalement utilis\u00e9s [&hellip;]","og_url":"https:\/\/dickiemoore.com\/fr\/bloc-sanitaire\/","og_site_name":"Dickie Moore Rentals","article_publisher":"https:\/\/www.facebook.com\/dickiemooremontreal","article_modified_time":"2022-08-04T14:11:11+00:00","og_image":[{"url":"https:\/\/dickiemoore.com\/wp-content\/uploads\/2022\/01\/10x20_3D_SQUARE-1-1024x1024.jpg","type":"","width":"","height":""}],"twitter_card":"summary_large_image","schema":{"@context":"https:\/\/schema.org","@graph":[{"@type":"WebPage","@id":"https:\/\/dickiemoore.com\/fr\/bloc-sanitaire\/","url":"https:\/\/dickiemoore.com\/fr\/bloc-sanitaire\/","name":"Bloc sanitaire | Dickie Moore Rentals","isPartOf":{"@id":"https:\/\/dickiemoore.com\/fr\/#website"},"primaryImageOfPage":{"@id":"https:\/\/dickiemoore.com\/fr\/bloc-sanitaire\/#primaryimage"},"image":{"@id":"https:\/\/dickiemoore.com\/fr\/bloc-sanitaire\/#primaryimage"},"thumbnailUrl":"https:\/\/dickiemoore.com\/wp-content\/uploads\/2022\/01\/10x20_3D_SQUARE-1-1024x1024.jpg","datePublished":"2022-01-07T16:09:26+00:00","dateModified":"2022-08-04T14:11:11+00:00","breadcrumb":{"@id":"https:\/\/dickiemoore.com\/fr\/bloc-sanitaire\/#breadcrumb"},"inLanguage":"fr-FR","potentialAction":[{"@type":"ReadAction","target":["https:\/\/dickiemoore.com\/fr\/bloc-sanitaire\/"]}]},{"@type":"ImageObject","inLanguage":"fr-FR","@id":"https:\/\/dickiemoore.com\/fr\/bloc-sanitaire\/#primaryimage","url":"https:\/\/dickiemoore.com\/wp-content\/uploads\/2022\/01\/10x20_3D_SQUARE-1-1024x1024.jpg","contentUrl":"https:\/\/dickiemoore.com\/wp-content\/uploads\/2022\/01\/10x20_3D_SQUARE-1-1024x1024.jpg"},{"@type":"BreadcrumbList","@id":"https:\/\/dickiemoore.com\/fr\/bloc-sanitaire\/#breadcrumb","itemListElement":[{"@type":"ListItem","position":1,"name":"Home","item":"https:\/\/dickiemoore.com\/fr\/"},{"@type":"ListItem","position":2,"name":"Bloc sanitaire"}]},{"@type":"WebSite","@id":"https:\/\/dickiemoore.com\/fr\/#website","url":"https:\/\/dickiemoore.com\/fr\/","name":"Dickie Moore Rentals","description":"https:\/\/dickiemoore.com\/","publisher":{"@id":"https:\/\/dickiemoore.com\/fr\/#organization"},"potentialAction":[{"@type":"SearchAction","target":{"@type":"EntryPoint","urlTemplate":"https:\/\/dickiemoore.com\/fr\/?s={search_term_string}"},"query-input":{"@type":"PropertyValueSpecification","valueRequired":true,"valueName":"search_term_string"}}],"inLanguage":"fr-FR"},{"@type":"Organization","@id":"https:\/\/dickiemoore.com\/fr\/#organization","name":"Dickie Moore Rentals","url":"https:\/\/dickiemoore.com\/fr\/","logo":{"@type":"ImageObject","inLanguage":"fr-FR","@id":"https:\/\/dickiemoore.com\/fr\/#\/schema\/logo\/image\/","url":"https:\/\/dickiemoore.com\/wp-content\/uploads\/2022\/06\/DM_FR_LOGO.png","contentUrl":"https:\/\/dickiemoore.com\/wp-content\/uploads\/2022\/06\/DM_FR_LOGO.png","width":1200,"height":690,"caption":"Dickie Moore Rentals"},"image":{"@id":"https:\/\/dickiemoore.com\/fr\/#\/schema\/logo\/image\/"},"sameAs":["https:\/\/www.facebook.com\/dickiemooremontreal","https:\/\/www.instagram.com\/locationdickiemoore\/"]}]}},"jetpack_likes_enabled":false,"jetpack_sharing_enabled":true,"jetpack_shortlink":"https:\/\/wp.me\/PdlbzM-4Va","_links":{"self":[{"href":"https:\/\/dickiemoore.com\/fr\/wp-json\/wp\/v2\/pages\/18920","targetHints":{"allow":["GET"]}}],"collection":[{"href":"https:\/\/dickiemoore.com\/fr\/wp-json\/wp\/v2\/pages"}],"about":[{"href":"https:\/\/dickiemoore.com\/fr\/wp-json\/wp\/v2\/types\/page"}],"author":[{"embeddable":true,"href":"https:\/\/dickiemoore.com\/fr\/wp-json\/wp\/v2\/users\/212013339"}],"replies":[{"embeddable":true,"href":"https:\/\/dickiemoore.com\/fr\/wp-json\/wp\/v2\/comments?post=18920"}],"version-history":[{"count":15,"href":"https:\/\/dickiemoore.com\/fr\/wp-json\/wp\/v2\/pages\/18920\/revisions"}],"predecessor-version":[{"id":20469,"href":"https:\/\/dickiemoore.com\/fr\/wp-json\/wp\/v2\/pages\/18920\/revisions\/20469"}],"wp:attachment":[{"href":"https:\/\/dickiemoore.com\/fr\/wp-json\/wp\/v2\/media?parent=18920"}],"curies":[{"name":"wp","href":"https:\/\/api.w.org\/{rel}","templated":true}]}}